{"id":1001,"date":"2018-03-15T14:38:18","date_gmt":"2018-03-15T13:38:18","guid":{"rendered":"https:\/\/capitalgroup.com.al\/?page_id=1001"},"modified":"2022-03-17T15:40:37","modified_gmt":"2022-03-17T14:40:37","slug":"home","status":"publish","type":"page","link":"https:\/\/capitalgroup.com.al\/en\/","title":{"rendered":"Home"},"content":{"rendered":"<p>[vc_row wrap_container=&#8221;yes&#8221; text_align=&#8221;center&#8221; is_section=&#8221;yes&#8221; section_skin=&#8221;parallax&#8221; remove_margin_top=&#8221;yes&#8221; remove_margin_bottom=&#8221;yes&#8221; remove_padding_top=&#8221;yes&#8221; remove_padding_bottom=&#8221;yes&#8221; remove_border=&#8221;yes&#8221; css=&#8221;.vc_custom_1530106329427{padding-top: 15px !important;background-color: #023775 !important;}&#8221; el_class=&#8221;bride-container bride-groom-container&#8221;][vc_column el_class=&#8221;m-t-lg bride-container bride-groom-container&#8221;]<div class=\"porto-carousel owl-carousel \" data-plugin-options=\"{&quot;stagePadding&quot;:0,&quot;margin&quot;:20,&quot;autoplay&quot;:false,&quot;autoplayTimeout&quot;:5000,&quot;autoplayHoverPause&quot;:false,&quot;items&quot;:4,&quot;lg&quot;:4,&quot;md&quot;:4,&quot;sm&quot;:4,&quot;xs&quot;:4,&quot;nav&quot;:false,&quot;dots&quot;:false,&quot;animateIn&quot;:&quot;&quot;,&quot;animateOut&quot;:&quot;&quot;,&quot;loop&quot;:false,&quot;center&quot;:false,&quot;video&quot;:false,&quot;lazyLoad&quot;:false,&quot;fullscreen&quot;:false}\"><div class=\"\"><div class=\"porto-image-frame \"><span class=\"thumb-info thumb-info-hide-wrapper-bg thumb-info-no-borders\"><a href=\"https:\/\/capitalgroup.com.al\/en\/drin\/\" title=\"\" target=\"_self\"><span class=\"thumb-info-wrapper\"><img decoding=\"async\" alt=\"\" src=\"\/\/capitalgroup.com.al\/wp-content\/uploads\/2018\/03\/drin_web.jpg\" class=\"img-responsive\"><\/span><\/a><\/span><\/div><\/div><div class=\"\"><div class=\"porto-image-frame \"><span class=\"thumb-info align-center thumb-info-hide-wrapper-bg thumb-info-no-borders\"><a href=\"https:\/\/capitalgroup.com.al\/en\/goldfresh\/\" title=\"\" target=\"_self\"><span class=\"thumb-info-wrapper\"><img decoding=\"async\" alt=\"\" src=\"\/\/capitalgroup.com.al\/wp-content\/uploads\/2018\/03\/fresh_web.jpg\" class=\"img-responsive\"><\/span><\/a><\/span><\/div><\/div><div class=\"\"><div class=\"porto-image-frame \"><span class=\"thumb-info align-center thumb-info-hide-wrapper-bg thumb-info-no-borders\"><a href=\"https:\/\/capitalgroup.com.al\/en\/vero\/\" title=\"\" target=\"_self\"><span class=\"thumb-info-wrapper\"><img decoding=\"async\" alt=\"\" src=\"\/\/capitalgroup.com.al\/wp-content\/uploads\/2018\/03\/vero_web.jpg\" class=\"img-responsive\"><\/span><\/a><\/span><\/div><\/div><div class=\"\"><div class=\"porto-image-frame \"><span class=\"thumb-info align-center thumb-info-hide-wrapper-bg thumb-info-no-borders\"><a href=\"https:\/\/capitalgroup.com.al\/en\/santex\" title=\"\" target=\"_self\"><span class=\"thumb-info-wrapper\"><img decoding=\"async\" alt=\"\" src=\"\/\/capitalgroup.com.al\/wp-content\/uploads\/2020\/09\/santex_logo.jpg\" class=\"img-responsive\"><\/span><\/a><\/span><\/div><\/div><\/div>[\/vc_column][\/vc_row][vc_row wrap_container=&#8221;yes&#8221; text_align=&#8221;center&#8221; is_section=&#8221;yes&#8221; section_skin=&#8221;parallax&#8221; remove_margin_top=&#8221;yes&#8221; remove_margin_bottom=&#8221;yes&#8221; remove_border=&#8221;yes&#8221; css=&#8221;.vc_custom_1522670185201{background: #fbf9f3 url(https:\/\/capitalgroup.com.al\/wp-content\/uploads\/2016\/10\/custom-overlay-1.png?id=28) !important;}&#8221;][vc_column][vc_custom_heading text=&#8221;About Capital Group&#8221; font_container=&#8221;tag:h1|text_align:center|color:%232d2d2d&#8221; use_theme_fonts=&#8221;yes&#8221; skin=&#8221;primary&#8221; el_class=&#8221;m-t-lg m-b custom-font-size-3&#8243;][vc_custom_heading text=&#8221;Capital Group is one of the leading protagonists in the field of hygiene and beauty.&#8221; font_container=&#8221;tag:h4|text_align:center&#8221; use_theme_fonts=&#8221;yes&#8221; skin=&#8221;primary&#8221;][vc_row_inner css=&#8221;.vc_custom_1522669730006{padding-top: 30px !important;}&#8221;][vc_column_inner][vc_column_text]<\/p>\n<h4>An industrial reality with all European characteristics, able to satisfy demand from the basic ones to the more specific ones. The clear vision of this company since its creation to date has been and will be the fast response to market demand that is in a continuous evolution by creating innovative products with an excellent quality \/ price ratio.<\/h4>\n<p>[\/vc_column_text][vc_separator border_width=&#8221;2&#8243; type=&#8221;small&#8221; gap=&#8221;short&#8221;][\/vc_column_inner][\/vc_row_inner][\/vc_column][\/vc_row][vc_row wrap_container=&#8221;yes&#8221; text_align=&#8221;center&#8221; is_section=&#8221;yes&#8221; section_skin=&#8221;parallax&#8221; remove_margin_bottom=&#8221;yes&#8221; remove_padding_top=&#8221;yes&#8221; remove_border=&#8221;yes&#8221;][vc_column][vc_custom_heading text=&#8221;Our Brands &amp; Products&#8221; font_container=&#8221;tag:h1|text_align:center|color:%232d2d2d&#8221; use_theme_fonts=&#8221;yes&#8221; skin=&#8221;primary&#8221;][vc_row_inner][vc_column_inner width=&#8221;1\/6&#8243;][\/vc_column_inner][vc_column_inner width=&#8221;2\/3&#8243;][vc_column_text]<strong>Capial Group aims to bring to the Albanian market products that are both the best in quality and environmentally friendly. Each Capital Group product retains ISO Certification for Quality.<\/strong>[\/vc_column_text][\/vc_column_inner][vc_column_inner width=&#8221;1\/6&#8243;][\/vc_column_inner][\/vc_row_inner][vc_empty_space height=&#8221;20&#8243;]<div class=\"porto-carousel owl-carousel \" data-plugin-options=\"{&quot;stagePadding&quot;:0,&quot;margin&quot;:20,&quot;autoplay&quot;:false,&quot;autoplayTimeout&quot;:5000,&quot;autoplayHoverPause&quot;:false,&quot;items&quot;:5,&quot;lg&quot;:5,&quot;md&quot;:3,&quot;sm&quot;:2,&quot;xs&quot;:2,&quot;nav&quot;:false,&quot;dots&quot;:&quot;yes&quot;,&quot;animateIn&quot;:&quot;&quot;,&quot;animateOut&quot;:&quot;&quot;,&quot;loop&quot;:false,&quot;center&quot;:false,&quot;video&quot;:false,&quot;lazyLoad&quot;:false,&quot;fullscreen&quot;:false}\">[vc_single_image image=&#8221;1459&#8243; img_size=&#8221;&#8221; onclick=&#8221;img_link_large&#8221; lightbox=&#8221;yes&#8221; image_gallery=&#8221;yes&#8221; hover_effect=&#8221;yes&#8221; css=&#8221;.vc_custom_1522676550023{border-top-width: 1px !important;border-right-width: 1px !important;border-bottom-width: 1px !important;border-left-width: 1px !important;border-left-color: #d8d8d8 !important;border-left-style: solid !important;border-right-color: #d8d8d8 !important;border-right-style: solid !important;border-top-color: #d8d8d8 !important;border-top-style: solid !important;border-bottom-color: #d8d8d8 !important;border-bottom-style: solid !important;border-radius: 1px !important;}&#8221;][vc_single_image image=&#8221;1451&#8243; img_size=&#8221;&#8221; onclick=&#8221;img_link_large&#8221; lightbox=&#8221;yes&#8221; image_gallery=&#8221;yes&#8221; hover_effect=&#8221;yes&#8221; css=&#8221;.vc_custom_1522676300958{border-top-width: 1px !important;border-right-width: 1px !important;border-bottom-width: 1px !important;border-left-width: 1px !important;border-left-color: #d8d8d8 !important;border-left-style: solid !important;border-right-color: #d8d8d8 !important;border-right-style: solid !important;border-top-color: #d8d8d8 !important;border-top-style: solid !important;border-bottom-color: #d8d8d8 !important;border-bottom-style: solid !important;border-radius: 1px !important;}&#8221;][vc_single_image image=&#8221;1452&#8243; img_size=&#8221;&#8221; onclick=&#8221;img_link_large&#8221; lightbox=&#8221;yes&#8221; image_gallery=&#8221;yes&#8221; hover_effect=&#8221;yes&#8221; css=&#8221;.vc_custom_1522676319065{border-top-width: 1px !important;border-right-width: 1px !important;border-bottom-width: 1px !important;border-left-width: 1px !important;border-left-color: #d8d8d8 !important;border-left-style: solid !important;border-right-color: #d8d8d8 !important;border-right-style: solid !important;border-top-color: #d8d8d8 !important;border-top-style: solid !important;border-bottom-color: #d8d8d8 !important;border-bottom-style: solid !important;border-radius: 1px !important;}&#8221;][vc_single_image image=&#8221;1455&#8243; img_size=&#8221;&#8221; onclick=&#8221;img_link_large&#8221; lightbox=&#8221;yes&#8221; image_gallery=&#8221;yes&#8221; hover_effect=&#8221;yes&#8221; css=&#8221;.vc_custom_1522676459491{border-top-width: 1px !important;border-right-width: 1px !important;border-bottom-width: 1px !important;border-left-width: 1px !important;border-left-color: #d8d8d8 !important;border-left-style: solid !important;border-right-color: #d8d8d8 !important;border-right-style: solid !important;border-top-color: #d8d8d8 !important;border-top-style: solid !important;border-bottom-color: #d8d8d8 !important;border-bottom-style: solid !important;border-radius: 1px !important;}&#8221;][vc_single_image image=&#8221;1454&#8243; img_size=&#8221;&#8221; onclick=&#8221;img_link_large&#8221; lightbox=&#8221;yes&#8221; image_gallery=&#8221;yes&#8221; hover_effect=&#8221;yes&#8221; css=&#8221;.vc_custom_1522676408622{border-top-width: 1px !important;border-right-width: 1px !important;border-bottom-width: 1px !important;border-left-width: 1px !important;border-left-color: #d8d8d8 !important;border-left-style: solid !important;border-right-color: #d8d8d8 !important;border-right-style: solid !important;border-top-color: #d8d8d8 !important;border-top-style: solid !important;border-bottom-color: #d8d8d8 !important;border-bottom-style: solid !important;border-radius: 1px !important;}&#8221;][vc_single_image image=&#8221;1456&#8243; img_size=&#8221;&#8221; onclick=&#8221;img_link_large&#8221; lightbox=&#8221;yes&#8221; image_gallery=&#8221;yes&#8221; hover_effect=&#8221;yes&#8221; css=&#8221;.vc_custom_1522676480603{border-top-width: 1px !important;border-right-width: 1px !important;border-bottom-width: 1px !important;border-left-width: 1px !important;border-left-color: #d8d8d8 !important;border-left-style: solid !important;border-right-color: #d8d8d8 !important;border-right-style: solid !important;border-top-color: #d8d8d8 !important;border-top-style: solid !important;border-bottom-color: #d8d8d8 !important;border-bottom-style: solid !important;border-radius: 1px !important;}&#8221;][vc_single_image image=&#8221;1457&#8243; img_size=&#8221;&#8221; onclick=&#8221;img_link_large&#8221; lightbox=&#8221;yes&#8221; image_gallery=&#8221;yes&#8221; hover_effect=&#8221;yes&#8221; css=&#8221;.vc_custom_1522676508101{border-top-width: 1px !important;border-right-width: 1px !important;border-bottom-width: 1px !important;border-left-width: 1px !important;border-left-color: #d8d8d8 !important;border-left-style: solid !important;border-right-color: #d8d8d8 !important;border-right-style: solid !important;border-top-color: #d8d8d8 !important;border-top-style: solid !important;border-bottom-color: #d8d8d8 !important;border-bottom-style: solid !important;border-radius: 1px !important;}&#8221;]<\/div>[vc_btn title=&#8221;View All&#8221; style=&#8221;classic&#8221; shape=&#8221;square&#8221; skin=&#8221;primary&#8221; link=&#8221;url:https%3A%2F%2Fcapitalgroup.com.al%2Fgoldfresh%2F|||&#8221;][\/vc_column][\/vc_row]<\/p>","protected":false},"excerpt":{"rendered":"<p>[vc_row wrap_container=&#8221;yes&#8221; text_align=&#8221;center&#8221; is_section=&#8221;yes&#8221; section_skin=&#8221;parallax&#8221; remove_margin_top=&#8221;yes&#8221; remove_margin_bottom=&#8221;yes&#8221; remove_padding_top=&#8221;yes&#8221; remove_padding_bottom=&#8221;yes&#8221; remove_border=&#8221;yes&#8221; css=&#8221;.vc_custom_1530106329427{padding-top: 15px !important;background-color: #023775 !important;}&#8221; el_class=&#8221;bride-container bride-groom-container&#8221;][vc_column el_class=&#8221;m-t-lg bride-container bride-groom-container&#8221;][\/vc_column][\/vc_row][vc_row wrap_container=&#8221;yes&#8221; text_align=&#8221;center&#8221; is_section=&#8221;yes&#8221; section_skin=&#8221;parallax&#8221; remove_margin_top=&#8221;yes&#8221; remove_margin_bottom=&#8221;yes&#8221; remove_border=&#8221;yes&#8221; css=&#8221;.vc_custom_1522670185201{background: #fbf9f3 url(https:\/\/capitalgroup.com.al\/wp-content\/uploads\/2016\/10\/custom-overlay-1.png?id=28) !important;}&#8221;][vc_column][vc_custom_heading text=&#8221;About Capital Group&#8221; font_container=&#8221;tag:h1|text_align:center|color:%232d2d2d&#8221; use_theme_fonts=&#8221;yes&#8221; skin=&#8221;primary&#8221; el_class=&#8221;m-t-lg m-b custom-font-size-3&#8243;][vc_custom_heading text=&#8221;Capital Group is one of the leading protagonists in the field of hygiene and beauty.&#8221; [&hellip;]<\/p>\n","protected":false},"author":1,"featured_media":0,"parent":0,"menu_order":0,"comment_status":"closed","ping_status":"closed","template":"","meta":{"footnotes":""},"class_list":["post-1001","page","type-page","status-publish","hentry"],"yoast_head":"<!-- This site is optimized with the Yoast SEO plugin v27.1 - https:\/\/yoast.com\/product\/yoast-seo-wordpress\/ -->\n<title>(Alb) Drin - Gold Fresh - Vero - Capital Group<\/title>\n<meta name=\"description\" content=\"(Alb) Capital Group eshte nje nga protagonistet kryesore ne fushen e higjenes dhe bukurise. Kompania Capial Group ka si q\u00ebllim q\u00eb t\u00eb sjelli n\u00eb tregun shqiptar produkte t\u00eb cilat jan\u00eb cilesor\u00eb dhe miqesore me mjedisin. Cdo produkt i Capital Group mban dhe Certifikimin ISO p\u00ebr Cil\u00ebsin\u00eb.\" \/>\n<meta name=\"robots\" content=\"index, follow, max-snippet:-1, max-image-preview:large, max-video-preview:-1\" \/>\n<link rel=\"canonical\" href=\"https:\/\/capitalgroup.com.al\/\" \/>\n<meta property=\"og:locale\" content=\"en_US\" \/>\n<meta property=\"og:type\" content=\"article\" \/>\n<meta property=\"og:title\" content=\"[:al]Drin - Gold Fresh - Vero - Capital Group[:]\" \/>\n<meta property=\"og:description\" content=\"{:al}Capital Group eshte nje nga protagonistet kryesore ne fushen e higjenes dhe bukurise. Kompania Capial Group ka si q\u00ebllim q\u00eb t\u00eb sjelli n\u00eb tregun shqiptar produkte t\u00eb cilat jan\u00eb cilesor\u00eb dhe miqesore me mjedisin. Cdo produkt i Capital Group mban dhe Certifikimin ISO p\u00ebr Cil\u00ebsin\u00eb.{:}\" \/>\n<meta property=\"og:url\" content=\"https:\/\/capitalgroup.com.al\/\" \/>\n<meta property=\"og:site_name\" content=\"Capital Group\" \/>\n<meta property=\"article:modified_time\" content=\"2022-03-17T14:40:37+00:00\" \/>\n<meta name=\"twitter:card\" content=\"summary_large_image\" \/>\n<meta name=\"twitter:label1\" content=\"Est. reading time\" \/>\n\t<meta name=\"twitter:data1\" content=\"3 minutes\" \/>\n<script type=\"application\/ld+json\" class=\"yoast-schema-graph\">{\"@context\":\"https:\/\/schema.org\",\"@graph\":[{\"@type\":\"WebPage\",\"@id\":\"https:\/\/capitalgroup.com.al\/\",\"url\":\"https:\/\/capitalgroup.com.al\/\",\"name\":\"[:al]Drin - Gold Fresh - Vero - Capital Group[:]\",\"isPartOf\":{\"@id\":\"https:\/\/capitalgroup.com.al\/#website\"},\"datePublished\":\"2018-03-15T13:38:18+00:00\",\"dateModified\":\"2022-03-17T14:40:37+00:00\",\"description\":\"{:al}Capital Group eshte nje nga protagonistet kryesore ne fushen e higjenes dhe bukurise. Kompania Capial Group ka si q\u00ebllim q\u00eb t\u00eb sjelli n\u00eb tregun shqiptar produkte t\u00eb cilat jan\u00eb cilesor\u00eb dhe miqesore me mjedisin. Cdo produkt i Capital Group mban dhe Certifikimin ISO p\u00ebr Cil\u00ebsin\u00eb.{:}\",\"breadcrumb\":{\"@id\":\"https:\/\/capitalgroup.com.al\/#breadcrumb\"},\"inLanguage\":\"en-US\",\"potentialAction\":[{\"@type\":\"ReadAction\",\"target\":[\"https:\/\/capitalgroup.com.al\/\"]}]},{\"@type\":\"BreadcrumbList\",\"@id\":\"https:\/\/capitalgroup.com.al\/#breadcrumb\",\"itemListElement\":[{\"@type\":\"ListItem\",\"position\":1,\"name\":\"Home\",\"item\":\"https:\/\/capitalgroup.com.al\/\"},{\"@type\":\"ListItem\",\"position\":2,\"name\":\"Kreu\"}]},{\"@type\":\"WebSite\",\"@id\":\"https:\/\/capitalgroup.com.al\/#website\",\"url\":\"https:\/\/capitalgroup.com.al\/\",\"name\":\"Capital Group\",\"description\":\"Capital Group\",\"publisher\":{\"@id\":\"https:\/\/capitalgroup.com.al\/#organization\"},\"potentialAction\":[{\"@type\":\"SearchAction\",\"target\":{\"@type\":\"EntryPoint\",\"urlTemplate\":\"https:\/\/capitalgroup.com.al\/?s={search_term_string}\"},\"query-input\":{\"@type\":\"PropertyValueSpecification\",\"valueRequired\":true,\"valueName\":\"search_term_string\"}}],\"inLanguage\":\"en-US\"},{\"@type\":\"Organization\",\"@id\":\"https:\/\/capitalgroup.com.al\/#organization\",\"name\":\"Capital Group\",\"url\":\"https:\/\/capitalgroup.com.al\/\",\"logo\":{\"@type\":\"ImageObject\",\"inLanguage\":\"en-US\",\"@id\":\"https:\/\/capitalgroup.com.al\/#\/schema\/logo\/image\/\",\"url\":\"https:\/\/capitalgroup.com.al\/wp-content\/uploads\/2018\/04\/logobluweb.png\",\"contentUrl\":\"https:\/\/capitalgroup.com.al\/wp-content\/uploads\/2018\/04\/logobluweb.png\",\"width\":300,\"height\":296,\"caption\":\"Capital Group\"},\"image\":{\"@id\":\"https:\/\/capitalgroup.com.al\/#\/schema\/logo\/image\/\"}}]}<\/script>\n<!-- \/ Yoast SEO plugin. -->","yoast_head_json":{"title":"(Alb) Drin - Gold Fresh - Vero - Capital Group","description":"(Alb) Capital Group eshte nje nga protagonistet kryesore ne fushen e higjenes dhe bukurise. Kompania Capial Group ka si q\u00ebllim q\u00eb t\u00eb sjelli n\u00eb tregun shqiptar produkte t\u00eb cilat jan\u00eb cilesor\u00eb dhe miqesore me mjedisin. Cdo produkt i Capital Group mban dhe Certifikimin ISO p\u00ebr Cil\u00ebsin\u00eb.","robots":{"index":"index","follow":"follow","max-snippet":"max-snippet:-1","max-image-preview":"max-image-preview:large","max-video-preview":"max-video-preview:-1"},"canonical":"https:\/\/capitalgroup.com.al\/","og_locale":"en_US","og_type":"article","og_title":"[:al]Drin - Gold Fresh - Vero - Capital Group[:]","og_description":"{:al}Capital Group eshte nje nga protagonistet kryesore ne fushen e higjenes dhe bukurise. Kompania Capial Group ka si q\u00ebllim q\u00eb t\u00eb sjelli n\u00eb tregun shqiptar produkte t\u00eb cilat jan\u00eb cilesor\u00eb dhe miqesore me mjedisin. Cdo produkt i Capital Group mban dhe Certifikimin ISO p\u00ebr Cil\u00ebsin\u00eb.{:}","og_url":"https:\/\/capitalgroup.com.al\/","og_site_name":"Capital Group","article_modified_time":"2022-03-17T14:40:37+00:00","twitter_card":"summary_large_image","twitter_misc":{"Est. reading time":"3 minutes"},"schema":{"@context":"https:\/\/schema.org","@graph":[{"@type":"WebPage","@id":"https:\/\/capitalgroup.com.al\/","url":"https:\/\/capitalgroup.com.al\/","name":"[:al]Drin - Gold Fresh - Vero - Capital Group[:]","isPartOf":{"@id":"https:\/\/capitalgroup.com.al\/#website"},"datePublished":"2018-03-15T13:38:18+00:00","dateModified":"2022-03-17T14:40:37+00:00","description":"{:al}Capital Group eshte nje nga protagonistet kryesore ne fushen e higjenes dhe bukurise. Kompania Capial Group ka si q\u00ebllim q\u00eb t\u00eb sjelli n\u00eb tregun shqiptar produkte t\u00eb cilat jan\u00eb cilesor\u00eb dhe miqesore me mjedisin. Cdo produkt i Capital Group mban dhe Certifikimin ISO p\u00ebr Cil\u00ebsin\u00eb.{:}","breadcrumb":{"@id":"https:\/\/capitalgroup.com.al\/#breadcrumb"},"inLanguage":"en-US","potentialAction":[{"@type":"ReadAction","target":["https:\/\/capitalgroup.com.al\/"]}]},{"@type":"BreadcrumbList","@id":"https:\/\/capitalgroup.com.al\/#breadcrumb","itemListElement":[{"@type":"ListItem","position":1,"name":"Home","item":"https:\/\/capitalgroup.com.al\/"},{"@type":"ListItem","position":2,"name":"Kreu"}]},{"@type":"WebSite","@id":"https:\/\/capitalgroup.com.al\/#website","url":"https:\/\/capitalgroup.com.al\/","name":"Capital Group","description":"Capital Group","publisher":{"@id":"https:\/\/capitalgroup.com.al\/#organization"},"potentialAction":[{"@type":"SearchAction","target":{"@type":"EntryPoint","urlTemplate":"https:\/\/capitalgroup.com.al\/?s={search_term_string}"},"query-input":{"@type":"PropertyValueSpecification","valueRequired":true,"valueName":"search_term_string"}}],"inLanguage":"en-US"},{"@type":"Organization","@id":"https:\/\/capitalgroup.com.al\/#organization","name":"Capital Group","url":"https:\/\/capitalgroup.com.al\/","logo":{"@type":"ImageObject","inLanguage":"en-US","@id":"https:\/\/capitalgroup.com.al\/#\/schema\/logo\/image\/","url":"https:\/\/capitalgroup.com.al\/wp-content\/uploads\/2018\/04\/logobluweb.png","contentUrl":"https:\/\/capitalgroup.com.al\/wp-content\/uploads\/2018\/04\/logobluweb.png","width":300,"height":296,"caption":"Capital Group"},"image":{"@id":"https:\/\/capitalgroup.com.al\/#\/schema\/logo\/image\/"}}]}},"_links":{"self":[{"href":"https:\/\/capitalgroup.com.al\/en\/wp-json\/wp\/v2\/pages\/1001","targetHints":{"allow":["GET"]}}],"collection":[{"href":"https:\/\/capitalgroup.com.al\/en\/wp-json\/wp\/v2\/pages"}],"about":[{"href":"https:\/\/capitalgroup.com.al\/en\/wp-json\/wp\/v2\/types\/page"}],"author":[{"embeddable":true,"href":"https:\/\/capitalgroup.com.al\/en\/wp-json\/wp\/v2\/users\/1"}],"replies":[{"embeddable":true,"href":"https:\/\/capitalgroup.com.al\/en\/wp-json\/wp\/v2\/comments?post=1001"}],"version-history":[{"count":222,"href":"https:\/\/capitalgroup.com.al\/en\/wp-json\/wp\/v2\/pages\/1001\/revisions"}],"predecessor-version":[{"id":1713,"href":"https:\/\/capitalgroup.com.al\/en\/wp-json\/wp\/v2\/pages\/1001\/revisions\/1713"}],"wp:attachment":[{"href":"https:\/\/capitalgroup.com.al\/en\/wp-json\/wp\/v2\/media?parent=1001"}],"curies":[{"name":"wp","href":"https:\/\/api.w.org\/{rel}","templated":true}]}}